{"id":22,"date":"2025-07-10T19:39:15","date_gmt":"2025-07-10T17:39:15","guid":{"rendered":"https:\/\/site.cgtscc.fr\/?page_id=22"},"modified":"2025-07-11T17:35:51","modified_gmt":"2025-07-11T15:35:51","slug":"nos-elus","status":"publish","type":"page","link":"https:\/\/site.cgtscc.fr\/index.php\/nos-elus\/","title":{"rendered":"Nos \u00e9lus"},"content":{"rendered":"\n<figure class=\"wp-block-table\"><table class=\"has-fixed-layout\"><tbody><tr><td class=\"has-text-align-center\" data-align=\"center\"><img loading=\"lazy\" decoding=\"async\" width=\"150\" height=\"205\" class=\"wp-image-23\" style=\"width: 150px;\" src=\"https:\/\/site.cgtscc.fr\/wp-content\/uploads\/2025\/07\/image.png\" alt=\"\"><\/td><td><strong>Anthony BRU<br><\/strong><kbd>D\u00e9l\u00e9gu\u00e9 Syndical - Secr\u00e9taire G\u00e9n\u00e9ral- Comex<br><\/kbd>Tech. de support Niv.2 &#8211; SCC Strasbourg<br>mail:&nbsp;<a href=\"mailto:abru@fr.scc.com\">abru@fr.scc.com<\/a><br>tel: 06.61.17.10.46<br>&nbsp;<br><\/td><\/tr><\/tbody><\/table><\/figure>\n\n\n\n<figure class=\"wp-block-table\"><table class=\"has-fixed-layout\"><tbody><tr><td class=\"has-text-align-center\" data-align=\"center\"><img loading=\"lazy\" decoding=\"async\" width=\"150\" height=\"112\" class=\"wp-image-31\" style=\"width: 150px;\" src=\"https:\/\/site.cgtscc.fr\/wp-content\/uploads\/2025\/07\/image654.jpg\" alt=\"\" srcset=\"https:\/\/site.cgtscc.fr\/wp-content\/uploads\/2025\/07\/image654.jpg 378w, https:\/\/site.cgtscc.fr\/wp-content\/uploads\/2025\/07\/image654-300x224.jpg 300w, https:\/\/site.cgtscc.fr\/wp-content\/uploads\/2025\/07\/image654-110x83.jpg 110w\" sizes=\"auto, (max-width: 150px) 100vw, 150px\" \/><\/td><td><strong>Jean-Luc PLATON<br><\/strong><kbd>Tr\u00e9sorier - Comex<br><\/kbd>TECHNICIEN MAINT. Confirm\u00e9 &#8211; SCC Aix mail:&nbsp;<a href=\"mailto:jplaton@fr.scc.com\">jplaton@fr.scc.com<\/a><br>tel: 06.30.07.81.30<br>&nbsp;<br><\/td><\/tr><\/tbody><\/table><\/figure>\n\n\n\n<figure class=\"wp-block-table\"><table class=\"has-fixed-layout\"><tbody><tr><td class=\"has-text-align-center\" data-align=\"center\"><img loading=\"lazy\" decoding=\"async\" width=\"150\" height=\"150\" class=\"wp-image-27\" style=\"width: 150px;\" src=\"https:\/\/site.cgtscc.fr\/wp-content\/uploads\/2025\/07\/P4_edited.jpg\" alt=\"\" srcset=\"https:\/\/site.cgtscc.fr\/wp-content\/uploads\/2025\/07\/P4_edited.jpg 378w, https:\/\/site.cgtscc.fr\/wp-content\/uploads\/2025\/07\/P4_edited-300x300.jpg 300w, https:\/\/site.cgtscc.fr\/wp-content\/uploads\/2025\/07\/P4_edited-150x150.jpg 150w\" sizes=\"auto, (max-width: 150px) 100vw, 150px\" \/><\/td><td><strong>Rapha\u00ebl LEPETIT<br><\/strong><kbd>\u00c9lu titulaire au CSE - Comex <br><\/kbd>TECHNICIEN MAINT. Confirm\u00e9 &#8211; SCC Aix mail:&nbsp;<a href=\"mailto:rlepetit@fr.scc.com\">rlepetit@fr.scc.com<\/a><br>tel: 06.30.07.81.21<br><\/td><\/tr><\/tbody><\/table><\/figure>\n\n\n\n<figure class=\"wp-block-table\"><table class=\"has-fixed-layout\"><tbody><tr><td class=\"has-text-align-center\" data-align=\"center\"><img loading=\"lazy\" decoding=\"async\" width=\"150\" height=\"112\" class=\"wp-image-29\" style=\"width: 150px;\" src=\"https:\/\/site.cgtscc.fr\/wp-content\/uploads\/2025\/07\/icone-anonyme-de-vecteur-signe-incognito-la-notion-protection-vie-privee-tete-humaine-avec.jpg\" alt=\"\" srcset=\"https:\/\/site.cgtscc.fr\/wp-content\/uploads\/2025\/07\/icone-anonyme-de-vecteur-signe-incognito-la-notion-protection-vie-privee-tete-humaine-avec.jpg 378w, https:\/\/site.cgtscc.fr\/wp-content\/uploads\/2025\/07\/icone-anonyme-de-vecteur-signe-incognito-la-notion-protection-vie-privee-tete-humaine-avec-300x224.jpg 300w, https:\/\/site.cgtscc.fr\/wp-content\/uploads\/2025\/07\/icone-anonyme-de-vecteur-signe-incognito-la-notion-protection-vie-privee-tete-humaine-avec-110x83.jpg 110w\" sizes=\"auto, (max-width: 150px) 100vw, 150px\" \/><\/td><td><strong>Mawaheb CHERIF<br><\/strong><kbd>\u00c9lu titulaire au CSE - Comex - Tr\u00e9sori\u00e8re adjointe <br><\/kbd>Comptable &#8211; SCC Nanterre mail:&nbsp;<a href=\"mailto:mcherif@fr.scc.com\">mcherif@fr.scc.com<\/a><br>tel: 01.89.54.77.05<br><\/td><\/tr><\/tbody><\/table><\/figure>\n\n\n\n<figure class=\"wp-block-table\"><table class=\"has-fixed-layout\"><tbody><tr><td class=\"has-text-align-center\" data-align=\"center\"><img loading=\"lazy\" decoding=\"async\" width=\"150\" height=\"112\" class=\"wp-image-28\" style=\"width: 150px;\" src=\"https:\/\/site.cgtscc.fr\/wp-content\/uploads\/2025\/07\/20240302_120433.jpg\" alt=\"\" srcset=\"https:\/\/site.cgtscc.fr\/wp-content\/uploads\/2025\/07\/20240302_120433.jpg 378w, https:\/\/site.cgtscc.fr\/wp-content\/uploads\/2025\/07\/20240302_120433-300x225.jpg 300w, https:\/\/site.cgtscc.fr\/wp-content\/uploads\/2025\/07\/20240302_120433-110x83.jpg 110w\" sizes=\"auto, (max-width: 150px) 100vw, 150px\" \/><\/td><td><strong>Philippe MAGAUD<br><\/strong><kbd><kbd>\u00c9lu suppl\u00e9ant au CSE - Comex <\/kbd><br><\/kbd>Tech. de support Niv.2 &#8211; SCC Lyon mail:&nbsp;<a href=\"mailto:pmagaud@fr.scc.com\">pmagaud@fr.scc.com<\/a><br>tel: 06.66.79.29.28<br><\/td><\/tr><\/tbody><\/table><\/figure>\n\n\n\n<figure class=\"wp-block-table\"><table class=\"has-fixed-layout\"><tbody><tr><td class=\"has-text-align-center\" data-align=\"center\"><img loading=\"lazy\" decoding=\"async\" width=\"150\" height=\"112\" class=\"wp-image-25\" style=\"width: 150px;\" src=\"https:\/\/site.cgtscc.fr\/wp-content\/uploads\/2025\/07\/Sarah-2.jpg\" alt=\"\" srcset=\"https:\/\/site.cgtscc.fr\/wp-content\/uploads\/2025\/07\/Sarah-2.jpg 378w, https:\/\/site.cgtscc.fr\/wp-content\/uploads\/2025\/07\/Sarah-2-300x225.jpg 300w, https:\/\/site.cgtscc.fr\/wp-content\/uploads\/2025\/07\/Sarah-2-110x83.jpg 110w\" sizes=\"auto, (max-width: 150px) 100vw, 150px\" \/><\/td><td><strong>Sarah ABDELHAK<br><\/strong><kbd>Membre du <\/kbd><kbd>Comex <br><\/kbd>INCIDENT MANAGER &#8211; SCC Lille mail:&nbsp;<a href=\"mailto:sabdelhak@fr.scc.com\">sabdelhak@fr.scc.com<\/a><br>tel: 06.17.80.09.71<br><\/td><\/tr><\/tbody><\/table><\/figure>\n\n\n\n<figure class=\"wp-block-table\"><table class=\"has-fixed-layout\"><tbody><tr><td class=\"has-text-align-center\" data-align=\"center\"><img loading=\"lazy\" decoding=\"async\" width=\"150\" height=\"112\" class=\"wp-image-30\" style=\"width: 150px;\" src=\"https:\/\/site.cgtscc.fr\/wp-content\/uploads\/2025\/07\/20240219_124308.jpg\" alt=\"\" srcset=\"https:\/\/site.cgtscc.fr\/wp-content\/uploads\/2025\/07\/20240219_124308.jpg 378w, https:\/\/site.cgtscc.fr\/wp-content\/uploads\/2025\/07\/20240219_124308-300x225.jpg 300w, https:\/\/site.cgtscc.fr\/wp-content\/uploads\/2025\/07\/20240219_124308-110x83.jpg 110w\" sizes=\"auto, (max-width: 150px) 100vw, 150px\" \/><\/td><td><strong>Luc LEGMAR<br><\/strong><kbd><kbd>\u00c9lu titulaire au CSE <\/kbd><br><\/kbd>Tech. support Niv.2 &#8211; SCC Lyon<br>mail:&nbsp;<a href=\"mailto:llegmar@fr.scc.com\">llegmar@fr.scc.com<\/a><br>tel: 06.61.13.41.38<\/td><\/tr><\/tbody><\/table><\/figure>\n\n\n\n<figure class=\"wp-block-table\"><table class=\"has-fixed-layout\"><tbody><tr><td class=\"has-text-align-center\" data-align=\"center\"><img loading=\"lazy\" decoding=\"async\" width=\"150\" height=\"112\" class=\"wp-image-29\" style=\"width: 150px;\" src=\"https:\/\/site.cgtscc.fr\/wp-content\/uploads\/2025\/07\/icone-anonyme-de-vecteur-signe-incognito-la-notion-protection-vie-privee-tete-humaine-avec.jpg\" alt=\"\" srcset=\"https:\/\/site.cgtscc.fr\/wp-content\/uploads\/2025\/07\/icone-anonyme-de-vecteur-signe-incognito-la-notion-protection-vie-privee-tete-humaine-avec.jpg 378w, https:\/\/site.cgtscc.fr\/wp-content\/uploads\/2025\/07\/icone-anonyme-de-vecteur-signe-incognito-la-notion-protection-vie-privee-tete-humaine-avec-300x224.jpg 300w, https:\/\/site.cgtscc.fr\/wp-content\/uploads\/2025\/07\/icone-anonyme-de-vecteur-signe-incognito-la-notion-protection-vie-privee-tete-humaine-avec-110x83.jpg 110w\" sizes=\"auto, (max-width: 150px) 100vw, 150px\" \/><\/td><td><strong>Miloud ZIANE<br><\/strong><kbd><kbd>\u00c9lu titulaire au CSE <\/kbd><br><\/kbd>MAGASINIER(E) &#8211; SCC Lieusaint<br>mail:&nbsp;<a href=\"mailto:mziane@fr.scc.com\">mziane@fr.scc.com<\/a><br>tel: 00.00.00.00.00<\/td><\/tr><\/tbody><\/table><\/figure>\n\n\n\n<figure class=\"wp-block-table\"><table class=\"has-fixed-layout\"><tbody><tr><td class=\"has-text-align-center\" data-align=\"center\"><img loading=\"lazy\" decoding=\"async\" width=\"150\" height=\"112\" class=\"wp-image-26\" style=\"width: 150px;\" src=\"https:\/\/site.cgtscc.fr\/wp-content\/uploads\/2025\/07\/Screenshot_20210126-093711_Gallery.jpg\" alt=\"\" srcset=\"https:\/\/site.cgtscc.fr\/wp-content\/uploads\/2025\/07\/Screenshot_20210126-093711_Gallery.jpg 378w, https:\/\/site.cgtscc.fr\/wp-content\/uploads\/2025\/07\/Screenshot_20210126-093711_Gallery-300x225.jpg 300w, https:\/\/site.cgtscc.fr\/wp-content\/uploads\/2025\/07\/Screenshot_20210126-093711_Gallery-110x83.jpg 110w\" sizes=\"auto, (max-width: 150px) 100vw, 150px\" \/><\/td><td><strong>Alexandra LAMANT<br><\/strong><kbd><kbd>\u00c9lue suppl\u00e9ante au CSE <\/kbd><br><\/kbd>CHARGE(E) REL CLIENT FOURNISSEUR- SCC Lieusaint<br>mail:&nbsp;<a href=\"mailto:alamant@fr.scc.com\">alamant@fr.scc.com<\/a><br>tel: 01.87.15.61.47<br><\/td><\/tr><\/tbody><\/table><\/figure>\n\n\n\n<figure class=\"wp-block-table\"><table class=\"has-fixed-layout\"><tbody><tr><td class=\"has-text-align-center\" data-align=\"center\"><img loading=\"lazy\" decoding=\"async\" width=\"150\" height=\"112\" class=\"wp-image-29\" style=\"width: 150px;\" src=\"https:\/\/site.cgtscc.fr\/wp-content\/uploads\/2025\/07\/icone-anonyme-de-vecteur-signe-incognito-la-notion-protection-vie-privee-tete-humaine-avec.jpg\" alt=\"\" srcset=\"https:\/\/site.cgtscc.fr\/wp-content\/uploads\/2025\/07\/icone-anonyme-de-vecteur-signe-incognito-la-notion-protection-vie-privee-tete-humaine-avec.jpg 378w, https:\/\/site.cgtscc.fr\/wp-content\/uploads\/2025\/07\/icone-anonyme-de-vecteur-signe-incognito-la-notion-protection-vie-privee-tete-humaine-avec-300x224.jpg 300w, https:\/\/site.cgtscc.fr\/wp-content\/uploads\/2025\/07\/icone-anonyme-de-vecteur-signe-incognito-la-notion-protection-vie-privee-tete-humaine-avec-110x83.jpg 110w\" sizes=\"auto, (max-width: 150px) 100vw, 150px\" \/><\/td><td><strong>Rachida KHATER<br><\/strong><kbd><kbd>\u00c9lue suppl\u00e9ante au CSE <\/kbd><br><\/kbd>GESTIONNAIRE MOYENS GENERAUX &#8211; SCC Nanterre<br>mail:&nbsp;<a href=\"mailto:rkhater@fr.scc.com\">rkhater@fr.scc.com<\/a><br>tel: 00.00.00.00.00<\/td><\/tr><\/tbody><\/table><\/figure>\n\n\n\n<figure class=\"wp-block-table\"><table class=\"has-fixed-layout\"><tbody><tr><td class=\"has-text-align-center\" data-align=\"center\"><img loading=\"lazy\" decoding=\"async\" width=\"150\" height=\"112\" class=\"wp-image-29\" style=\"width: 150px;\" src=\"https:\/\/site.cgtscc.fr\/wp-content\/uploads\/2025\/07\/icone-anonyme-de-vecteur-signe-incognito-la-notion-protection-vie-privee-tete-humaine-avec.jpg\" alt=\"\" srcset=\"https:\/\/site.cgtscc.fr\/wp-content\/uploads\/2025\/07\/icone-anonyme-de-vecteur-signe-incognito-la-notion-protection-vie-privee-tete-humaine-avec.jpg 378w, https:\/\/site.cgtscc.fr\/wp-content\/uploads\/2025\/07\/icone-anonyme-de-vecteur-signe-incognito-la-notion-protection-vie-privee-tete-humaine-avec-300x224.jpg 300w, https:\/\/site.cgtscc.fr\/wp-content\/uploads\/2025\/07\/icone-anonyme-de-vecteur-signe-incognito-la-notion-protection-vie-privee-tete-humaine-avec-110x83.jpg 110w\" sizes=\"auto, (max-width: 150px) 100vw, 150px\" \/><\/td><td><strong>Patrick HERY<br><\/strong><kbd><kbd>\u00c9lu suppl\u00e9ant au CSE - CFC <\/kbd><br><\/kbd>CONSULTANT(E) AVANT-VENTE MAINTENANCE &#8211; SCC Lieusaint<br>mail:&nbsp;<a href=\"mailto:phery@fr.scc.com\">phery@fr.scc.com<\/a><br>tel: 06.61.13.34.09<\/td><\/tr><\/tbody><\/table><\/figure>\n\n\n\n<figure class=\"wp-block-table\"><table class=\"has-fixed-layout\"><tbody><tr><td class=\"has-text-align-center\" data-align=\"center\"><img loading=\"lazy\" decoding=\"async\" width=\"150\" height=\"112\" class=\"wp-image-29\" style=\"width: 150px;\" src=\"https:\/\/site.cgtscc.fr\/wp-content\/uploads\/2025\/07\/icone-anonyme-de-vecteur-signe-incognito-la-notion-protection-vie-privee-tete-humaine-avec.jpg\" alt=\"\" srcset=\"https:\/\/site.cgtscc.fr\/wp-content\/uploads\/2025\/07\/icone-anonyme-de-vecteur-signe-incognito-la-notion-protection-vie-privee-tete-humaine-avec.jpg 378w, https:\/\/site.cgtscc.fr\/wp-content\/uploads\/2025\/07\/icone-anonyme-de-vecteur-signe-incognito-la-notion-protection-vie-privee-tete-humaine-avec-300x224.jpg 300w, https:\/\/site.cgtscc.fr\/wp-content\/uploads\/2025\/07\/icone-anonyme-de-vecteur-signe-incognito-la-notion-protection-vie-privee-tete-humaine-avec-110x83.jpg 110w\" sizes=\"auto, (max-width: 150px) 100vw, 150px\" \/><\/td><td><strong>Fabrice JOUVE<br><\/strong><kbd><kbd>Membre de la CFC <\/kbd><br><\/kbd>Tech. support Niv. 3 &#8211; SCC Lyon<br>mail: <a href=\"mailto:fjouve@fr.scc.com\">fjouve@fr.scc.com<\/a><br>tel: 06.77.57.14.54<\/td><\/tr><\/tbody><\/table><\/figure>\n\n\n\n<figure class=\"wp-block-table\"><table class=\"has-fixed-layout\"><tbody><tr><td class=\"has-text-align-center\" data-align=\"center\"><img loading=\"lazy\" decoding=\"async\" width=\"150\" height=\"112\" class=\"wp-image-29\" style=\"width: 150px;\" src=\"https:\/\/site.cgtscc.fr\/wp-content\/uploads\/2025\/07\/icone-anonyme-de-vecteur-signe-incognito-la-notion-protection-vie-privee-tete-humaine-avec.jpg\" alt=\"\" srcset=\"https:\/\/site.cgtscc.fr\/wp-content\/uploads\/2025\/07\/icone-anonyme-de-vecteur-signe-incognito-la-notion-protection-vie-privee-tete-humaine-avec.jpg 378w, https:\/\/site.cgtscc.fr\/wp-content\/uploads\/2025\/07\/icone-anonyme-de-vecteur-signe-incognito-la-notion-protection-vie-privee-tete-humaine-avec-300x224.jpg 300w, https:\/\/site.cgtscc.fr\/wp-content\/uploads\/2025\/07\/icone-anonyme-de-vecteur-signe-incognito-la-notion-protection-vie-privee-tete-humaine-avec-110x83.jpg 110w\" sizes=\"auto, (max-width: 150px) 100vw, 150px\" \/><\/td><td><strong>Mohamed RIDA<br><\/strong><kbd><kbd>Membre de la CFC <\/kbd><br><\/kbd>Chef de projet SI &#8211; SCC Nanterre<br>mail:&nbsp;<a href=\"mailto:mrida@fr.scc.com\">mrida@fr.scc.com<\/a><br>tel: 01.86.99.87.43<\/td><\/tr><\/tbody><\/table><\/figure>\n\n\n\n<p><\/p>\n","protected":false},"excerpt":{"rendered":"<p>Anthony BRUD\u00e9l\u00e9gu\u00e9 Syndical &#8211; Secr\u00e9taire G\u00e9n\u00e9ral- ComexTech. de support Niv.2 &#8211; SCC Strasbourgmail:&nbsp;abru@fr.scc.comtel: 06.61.17.10.46&nbsp; Jean-Luc PLATONTr\u00e9sorier &#8211; ComexTECHNICIEN MAINT. Confirm\u00e9 &#8211; SCC Aix mail:&nbsp;jplaton@fr.scc.comtel: 06.30.07.81.30&nbsp; Rapha\u00ebl LEPETIT\u00c9lu titulaire au CSE &hellip; <\/p>\n","protected":false},"author":1,"featured_media":0,"parent":0,"menu_order":0,"comment_status":"closed","ping_status":"closed","template":"","meta":{"footnotes":""},"class_list":["post-22","page","type-page","status-publish","hentry"],"_links":{"self":[{"href":"https:\/\/site.cgtscc.fr\/index.php\/wp-json\/wp\/v2\/pages\/22","targetHints":{"allow":["GET"]}}],"collection":[{"href":"https:\/\/site.cgtscc.fr\/index.php\/wp-json\/wp\/v2\/pages"}],"about":[{"href":"https:\/\/site.cgtscc.fr\/index.php\/wp-json\/wp\/v2\/types\/page"}],"author":[{"embeddable":true,"href":"https:\/\/site.cgtscc.fr\/index.php\/wp-json\/wp\/v2\/users\/1"}],"replies":[{"embeddable":true,"href":"https:\/\/site.cgtscc.fr\/index.php\/wp-json\/wp\/v2\/comments?post=22"}],"version-history":[{"count":13,"href":"https:\/\/site.cgtscc.fr\/index.php\/wp-json\/wp\/v2\/pages\/22\/revisions"}],"predecessor-version":[{"id":52,"href":"https:\/\/site.cgtscc.fr\/index.php\/wp-json\/wp\/v2\/pages\/22\/revisions\/52"}],"wp:attachment":[{"href":"https:\/\/site.cgtscc.fr\/index.php\/wp-json\/wp\/v2\/media?parent=22"}],"curies":[{"name":"wp","href":"https:\/\/api.w.org\/{rel}","templated":true}]}}